{"id":10623,"date":"2019-06-12T15:03:18","date_gmt":"2019-06-12T13:03:18","guid":{"rendered":"http:\/\/s780460219.online.de\/qualitat\/"},"modified":"2019-07-16T12:45:13","modified_gmt":"2019-07-16T10:45:13","slug":"qualitat","status":"publish","type":"page","link":"https:\/\/recipe.de\/de\/qualitat\/","title":{"rendered":"Qualit\u00e4t"},"content":{"rendered":"\t\t<div data-elementor-type=\"wp-post\" data-elementor-id=\"10623\" class=\"elementor elementor-10623\" data-elementor-post-type=\"page\">\n\t\t\t\t\t\t<section class=\"elementor-section elementor-top-section elementor-element elementor-element-34454d5d elementor-section-stretched elementor-section-boxed elementor-section-height-default elementor-section-height-default\" data-id=\"34454d5d\" data-element_type=\"section\" data-e-type=\"section\" data-settings=\"{&quot;stretch_section&quot;:&quot;section-stretched&quot;,&quot;background_background&quot;:&quot;classic&quot;}\">\n\t\t\t\t\t\t\t<div class=\"elementor-background-overlay\"><\/div>\n\t\t\t\t\t\t\t<div class=\"elementor-container elementor-column-gap-default\">\n\t\t\t\t\t<div class=\"elementor-column elementor-col-50 elementor-top-column elementor-element elementor-element-7be3560b\" data-id=\"7be3560b\" data-element_type=\"column\" data-e-type=\"column\">\n\t\t\t<div class=\"elementor-widget-wrap\">\n\t\t\t\t\t\t\t<\/div>\n\t\t<\/div>\n\t\t\t\t<div class=\"elementor-column elementor-col-50 elementor-top-column elementor-element elementor-element-7fabaec5\" data-id=\"7fabaec5\" data-element_type=\"column\" data-e-type=\"column\" data-settings=\"{&quot;background_background&quot;:&quot;classic&quot;}\">\n\t\t\t<div class=\"elementor-widget-wrap elementor-element-populated\">\n\t\t\t\t\t\t<div class=\"elementor-element elementor-element-56c4f620 elementor-widget elementor-widget-heading\" data-id=\"56c4f620\" data-element_type=\"widget\" data-e-type=\"widget\" data-widget_type=\"heading.default\">\n\t\t\t\t<div class=\"elementor-widget-container\">\n\t\t\t\t\t<h4 class=\"elementor-heading-title elementor-size-default\">L\u00f6sungen f\u00fcr Ihre Labor-Routine<\/h4>\t\t\t\t<\/div>\n\t\t\t\t<\/div>\n\t\t\t\t<div class=\"elementor-element elementor-element-7e4d9e05 elementor-widget elementor-widget-heading\" data-id=\"7e4d9e05\" data-element_type=\"widget\" data-e-type=\"widget\" data-widget_type=\"heading.default\">\n\t\t\t\t<div class=\"elementor-widget-container\">\n\t\t\t\t\t<h1 class=\"elementor-heading-title elementor-size-default\">Qualit\u00e4t<\/h1>\t\t\t\t<\/div>\n\t\t\t\t<\/div>\n\t\t\t\t<div class=\"elementor-element elementor-element-224a2abb elementor-widget elementor-widget-heading\" data-id=\"224a2abb\" data-element_type=\"widget\" data-e-type=\"widget\" data-widget_type=\"heading.default\">\n\t\t\t\t<div class=\"elementor-widget-container\">\n\t\t\t\t\t<h2 class=\"elementor-heading-title elementor-size-default\"><span class=\"tlid-translation translation\" lang=\"en\"><span title=\"\" class=\"\">\u00dcber 60% der \u00e4rztlichen Diagnosen basieren auf Laborergebnissen.<\/span> <span title=\"\" class=\"alt-edited\">Arzt und Patient m\u00fcssen sich auf die von Ihrem Labor ermittelten Werte verlassen k\u00f6nnen. <\/span><span title=\"\" class=\"\"> Vertrauen Sie daher auf den Einsatz unserer Qualit\u00e4tsprodukte.<\/span><\/span><\/h2>\t\t\t\t<\/div>\n\t\t\t\t<\/div>\n\t\t\t\t\t<\/div>\n\t\t<\/div>\n\t\t\t\t\t<\/div>\n\t\t<\/section>\n\t\t\t\t<section class=\"elementor-section elementor-top-section elementor-element elementor-element-c42c9fb elementor-section-stretched elementor-section-boxed elementor-section-height-default elementor-section-height-default\" data-id=\"c42c9fb\" data-element_type=\"section\" data-e-type=\"section\" data-settings=\"{&quot;stretch_section&quot;:&quot;section-stretched&quot;,&quot;background_background&quot;:&quot;classic&quot;}\">\n\t\t\t\t\t\t\t<div class=\"elementor-background-overlay\"><\/div>\n\t\t\t\t\t\t\t<div class=\"elementor-container elementor-column-gap-default\">\n\t\t\t\t\t<div class=\"elementor-column elementor-col-100 elementor-top-column elementor-element elementor-element-d33d104\" data-id=\"d33d104\" data-element_type=\"column\" data-e-type=\"column\">\n\t\t\t<div class=\"elementor-widget-wrap elementor-element-populated\">\n\t\t\t\t\t\t<section class=\"elementor-section elementor-inner-section elementor-element elementor-element-73218d2d elementor-section-boxed elementor-section-height-default elementor-section-height-default\" data-id=\"73218d2d\" data-element_type=\"section\" data-e-type=\"section\">\n\t\t\t\t\t\t<div class=\"elementor-container elementor-column-gap-default\">\n\t\t\t\t\t<div class=\"elementor-column elementor-col-33 elementor-inner-column elementor-element elementor-element-53f4588d\" data-id=\"53f4588d\" data-element_type=\"column\" data-e-type=\"column\">\n\t\t\t<div class=\"elementor-widget-wrap elementor-element-populated\">\n\t\t\t\t\t\t<div class=\"elementor-element elementor-element-3b65685f elementor-widget elementor-widget-image\" data-id=\"3b65685f\" data-element_type=\"widget\" data-e-type=\"widget\" data-widget_type=\"image.default\">\n\t\t\t\t<div class=\"elementor-widget-container\">\n\t\t\t\t\t\t\t\t\t\t\t\t<figure class=\"wp-caption\">\n\t\t\t\t\t\t\t\t\t\t<img fetchpriority=\"high\" decoding=\"async\" width=\"2560\" height=\"1707\" src=\"https:\/\/recipe.de\/wp-content\/uploads\/L8A0043-scaled.jpg\" class=\"attachment-full size-full wp-image-10830\" alt=\"Quality Recipe\" srcset=\"https:\/\/recipe.de\/wp-content\/uploads\/L8A0043-scaled.jpg 2560w, https:\/\/recipe.de\/wp-content\/uploads\/L8A0043-600x400.jpg 600w, https:\/\/recipe.de\/wp-content\/uploads\/L8A0043-300x200.jpg 300w, https:\/\/recipe.de\/wp-content\/uploads\/L8A0043-768x512.jpg 768w, https:\/\/recipe.de\/wp-content\/uploads\/L8A0043-1024x683.jpg 1024w\" sizes=\"(max-width: 2560px) 100vw, 2560px\" \/>\t\t\t\t\t\t\t\t\t\t\t<figcaption class=\"widget-image-caption wp-caption-text\">Zertfizierte Qualit\u00e4tsprodukte <\/figcaption>\n\t\t\t\t\t\t\t\t\t\t<\/figure>\n\t\t\t\t\t\t\t\t\t<\/div>\n\t\t\t\t<\/div>\n\t\t\t\t\t<\/div>\n\t\t<\/div>\n\t\t\t\t<div class=\"elementor-column elementor-col-33 elementor-inner-column elementor-element elementor-element-213ca34e\" data-id=\"213ca34e\" data-element_type=\"column\" data-e-type=\"column\">\n\t\t\t<div class=\"elementor-widget-wrap\">\n\t\t\t\t\t\t\t<\/div>\n\t\t<\/div>\n\t\t\t\t<div class=\"elementor-column elementor-col-33 elementor-inner-column elementor-element elementor-element-3e32ec0c\" data-id=\"3e32ec0c\" data-element_type=\"column\" data-e-type=\"column\">\n\t\t\t<div class=\"elementor-widget-wrap elementor-element-populated\">\n\t\t\t\t\t\t<div class=\"elementor-element elementor-element-6bbfc506 elementor-widget elementor-widget-text-editor\" data-id=\"6bbfc506\" data-element_type=\"widget\" data-e-type=\"widget\" data-widget_type=\"text-editor.default\">\n\t\t\t\t<div class=\"elementor-widget-container\">\n\t\t\t\t\t\t\t\t\t<h2>Qualit\u00e4t ist Ihr Anspruch und unsere Mission.<\/h2><ul><li>Wir produzieren nach DIN ISO 13485<\/li><li>Wir haben ein strenges Qualit\u00e4tsmanagement und werden regelm\u00e4\u00dfig \u00fcberpr\u00fcft<\/li><li>Unsere Produkte sind CE-IVD zertifiziert<\/li><li>Wir nehmen regelm\u00e4\u00dfig an Ringversuchen teil. CDC NBS, DEQUAS, NEQUAS, INSTAND, GTFCH<\/li><li>Wir pflegen enge Beziehungen zu wissenschaftlichen Einrichtungen, Universit\u00e4ten und Forschungslabors<\/li><li>Wir sind IHK-Ausbildungsbetrieb<\/li><\/ul>\t\t\t\t\t\t\t\t<\/div>\n\t\t\t\t<\/div>\n\t\t\t\t\t<\/div>\n\t\t<\/div>\n\t\t\t\t\t<\/div>\n\t\t<\/section>\n\t\t\t\t\t<\/div>\n\t\t<\/div>\n\t\t\t\t\t<\/div>\n\t\t<\/section>\n\t\t\t\t<\/div>\n\t\t","protected":false},"excerpt":{"rendered":"<p>L\u00f6sungen f\u00fcr Ihre Labor-Routine Qualit\u00e4t \u00dcber 60% der \u00e4rztlichen Diagnosen basieren auf Laborergebnissen. Arzt und Patient m\u00fcssen sich auf die von Ihrem Labor ermittelten Werte verlassen k\u00f6nnen. Vertrauen Sie daher auf den Einsatz unserer Qualit\u00e4tsprodukte. Zertfizierte Qualit\u00e4tsprodukte Qualit\u00e4t ist Ihr Anspruch und unsere Mission. Wir produzieren nach DIN ISO 13485 Wir haben ein strenges Qualit\u00e4tsmanagement [&hellip;]<\/p>\n","protected":false},"author":1,"featured_media":0,"parent":0,"menu_order":0,"comment_status":"closed","ping_status":"closed","template":"","meta":{"footnotes":""},"class_list":["post-10623","page","type-page","status-publish","hentry"],"aioseo_notices":[],"_links":{"self":[{"href":"https:\/\/recipe.de\/de\/wp-json\/wp\/v2\/pages\/10623","targetHints":{"allow":["GET"]}}],"collection":[{"href":"https:\/\/recipe.de\/de\/wp-json\/wp\/v2\/pages"}],"about":[{"href":"https:\/\/recipe.de\/de\/wp-json\/wp\/v2\/types\/page"}],"author":[{"embeddable":true,"href":"https:\/\/recipe.de\/de\/wp-json\/wp\/v2\/users\/1"}],"replies":[{"embeddable":true,"href":"https:\/\/recipe.de\/de\/wp-json\/wp\/v2\/comments?post=10623"}],"version-history":[{"count":0,"href":"https:\/\/recipe.de\/de\/wp-json\/wp\/v2\/pages\/10623\/revisions"}],"wp:attachment":[{"href":"https:\/\/recipe.de\/de\/wp-json\/wp\/v2\/media?parent=10623"}],"curies":[{"name":"wp","href":"https:\/\/api.w.org\/{rel}","templated":true}]}}