{"id":1709,"date":"2018-07-14T14:14:03","date_gmt":"2018-07-14T12:14:03","guid":{"rendered":"http:\/\/s780460219.online.de\/?page_id=1709"},"modified":"2018-07-14T14:14:59","modified_gmt":"2018-07-14T12:14:59","slug":"partner-downloads","status":"publish","type":"page","link":"https:\/\/recipe.de\/de\/partner-downloads\/","title":{"rendered":"Downloads"},"content":{"rendered":"\t\t<div data-elementor-type=\"wp-post\" data-elementor-id=\"1709\" class=\"elementor elementor-1709 elementor-bc-flex-widget\" data-elementor-post-type=\"page\">\n\t\t\t\t\t\t<section class=\"elementor-section elementor-top-section elementor-element elementor-element-5bf197f8 elementor-section-stretched elementor-section-boxed elementor-section-height-default elementor-section-height-default\" data-id=\"5bf197f8\" data-element_type=\"section\" data-e-type=\"section\" data-settings=\"{&quot;stretch_section&quot;:&quot;section-stretched&quot;,&quot;background_background&quot;:&quot;classic&quot;}\">\n\t\t\t\t\t\t\t<div class=\"elementor-background-overlay\"><\/div>\n\t\t\t\t\t\t\t<div class=\"elementor-container elementor-column-gap-default\">\n\t\t\t\t\t<div class=\"elementor-column elementor-col-50 elementor-top-column elementor-element elementor-element-29450e8b\" data-id=\"29450e8b\" data-element_type=\"column\" data-e-type=\"column\">\n\t\t\t<div class=\"elementor-widget-wrap\">\n\t\t\t\t\t\t\t<\/div>\n\t\t<\/div>\n\t\t\t\t<div class=\"elementor-column elementor-col-50 elementor-top-column elementor-element elementor-element-7e3cdd8e\" data-id=\"7e3cdd8e\" data-element_type=\"column\" data-e-type=\"column\" data-settings=\"{&quot;background_background&quot;:&quot;classic&quot;}\">\n\t\t\t<div class=\"elementor-widget-wrap elementor-element-populated\">\n\t\t\t\t\t\t<div class=\"elementor-element elementor-element-5f62fe5d elementor-widget elementor-widget-heading\" data-id=\"5f62fe5d\" data-element_type=\"widget\" data-e-type=\"widget\" data-widget_type=\"heading.default\">\n\t\t\t\t<div class=\"elementor-widget-container\">\n\t\t\t\t\t<h4 class=\"elementor-heading-title elementor-size-default\">Vertrieb<\/h4>\t\t\t\t<\/div>\n\t\t\t\t<\/div>\n\t\t\t\t<div class=\"elementor-element elementor-element-5c557f4d elementor-widget elementor-widget-heading\" data-id=\"5c557f4d\" data-element_type=\"widget\" data-e-type=\"widget\" data-widget_type=\"heading.default\">\n\t\t\t\t<div class=\"elementor-widget-container\">\n\t\t\t\t\t<h1 class=\"elementor-heading-title elementor-size-default\">Downloads<\/h1>\t\t\t\t<\/div>\n\t\t\t\t<\/div>\n\t\t\t\t<div class=\"elementor-element elementor-element-433b0d3f elementor-widget elementor-widget-heading\" data-id=\"433b0d3f\" data-element_type=\"widget\" data-e-type=\"widget\" data-widget_type=\"heading.default\">\n\t\t\t\t<div class=\"elementor-widget-container\">\n\t\t\t\t\t<h2 class=\"elementor-heading-title elementor-size-default\">RECIPE geh\u00f6rt zu den weltweit f\u00fchrenden Unternehmen f\u00fcr die Spezialdiagnostik mit HPLC- und LC-MS\/MS Systemen.<\/h2>\t\t\t\t<\/div>\n\t\t\t\t<\/div>\n\t\t\t\t\t<\/div>\n\t\t<\/div>\n\t\t\t\t\t<\/div>\n\t\t<\/section>\n\t\t\t\t<section class=\"elementor-section elementor-top-section elementor-element elementor-element-5f41d293 elementor-section-stretched elementor-section-boxed elementor-section-height-default elementor-section-height-default\" data-id=\"5f41d293\" data-element_type=\"section\" data-e-type=\"section\" data-settings=\"{&quot;stretch_section&quot;:&quot;section-stretched&quot;,&quot;background_background&quot;:&quot;classic&quot;}\">\n\t\t\t\t\t\t\t<div class=\"elementor-background-overlay\"><\/div>\n\t\t\t\t\t\t\t<div class=\"elementor-container elementor-column-gap-default\">\n\t\t\t\t\t<div class=\"elementor-column elementor-col-100 elementor-top-column elementor-element elementor-element-4d367209\" data-id=\"4d367209\" data-element_type=\"column\" data-e-type=\"column\">\n\t\t\t<div class=\"elementor-widget-wrap elementor-element-populated\">\n\t\t\t\t\t\t<section class=\"elementor-section elementor-inner-section elementor-element elementor-element-b770cf9 elementor-section-boxed elementor-section-height-default elementor-section-height-default\" data-id=\"b770cf9\" data-element_type=\"section\" data-e-type=\"section\">\n\t\t\t\t\t\t<div class=\"elementor-container elementor-column-gap-default\">\n\t\t\t\t\t<div class=\"elementor-column elementor-col-33 elementor-inner-column elementor-element elementor-element-6ae7b264\" data-id=\"6ae7b264\" data-element_type=\"column\" data-e-type=\"column\">\n\t\t\t<div class=\"elementor-widget-wrap elementor-element-populated\">\n\t\t\t\t\t\t<div class=\"elementor-element elementor-element-688be170 rellax elementor-widget elementor-widget-image\" data-id=\"688be170\" data-element_type=\"widget\" data-e-type=\"widget\" data-widget_type=\"image.default\">\n\t\t\t\t<div class=\"elementor-widget-container\">\n\t\t\t\t\t\t\t\t\t\t\t\t<figure class=\"wp-caption\">\n\t\t\t\t\t\t\t\t\t\t<img fetchpriority=\"high\" decoding=\"async\" width=\"638\" height=\"663\" src=\"https:\/\/recipe.de\/wp-content\/uploads\/firmensitz.jpg\" class=\"attachment-full size-full wp-image-271\" alt=\"\" srcset=\"https:\/\/recipe.de\/wp-content\/uploads\/firmensitz.jpg 638w, https:\/\/recipe.de\/wp-content\/uploads\/firmensitz-600x624.jpg 600w, https:\/\/recipe.de\/wp-content\/uploads\/firmensitz-289x300.jpg 289w\" sizes=\"(max-width: 638px) 100vw, 638px\" \/>\t\t\t\t\t\t\t\t\t\t\t<figcaption class=\"widget-image-caption wp-caption-text\">RECIPE Hauptsitz in M\u00fcnchen.<\/figcaption>\n\t\t\t\t\t\t\t\t\t\t<\/figure>\n\t\t\t\t\t\t\t\t\t<\/div>\n\t\t\t\t<\/div>\n\t\t\t\t\t<\/div>\n\t\t<\/div>\n\t\t\t\t<div class=\"elementor-column elementor-col-33 elementor-inner-column elementor-element elementor-element-120ab3d2\" data-id=\"120ab3d2\" data-element_type=\"column\" data-e-type=\"column\">\n\t\t\t<div class=\"elementor-widget-wrap\">\n\t\t\t\t\t\t\t<\/div>\n\t\t<\/div>\n\t\t\t\t<div class=\"elementor-column elementor-col-33 elementor-inner-column elementor-element elementor-element-2d9cf252\" data-id=\"2d9cf252\" data-element_type=\"column\" data-e-type=\"column\">\n\t\t\t<div class=\"elementor-widget-wrap elementor-element-populated\">\n\t\t\t\t\t\t<div class=\"elementor-element elementor-element-ce6a6b5 elementor-widget elementor-widget-text-editor\" data-id=\"ce6a6b5\" data-element_type=\"widget\" data-e-type=\"widget\" data-widget_type=\"text-editor.default\">\n\t\t\t\t<div class=\"elementor-widget-container\">\n\t\t\t\t\t\t\t\t\t<p>Die Firma RECIPE wurde 1982 in M\u00fcnchen gegr\u00fcndet und geh\u00f6rt heute zu den f\u00fchrenden Unternehmen f\u00fcr die Spezialdiagnostik mit HPLC- und LC-MS\/MS Systemen.<\/p><p>Im R\u00fcckblick auf das 30-j\u00e4hrige Firmenbestehen verbinden wir den Erfolg unseres Unternehmens insbesondere mit der konsequenten Umsetzung einer kundenorientierten und stringenten Qualit\u00e4tspolitik.<\/p><p>&#8222;Qualit\u00e4t&#8220; ist f\u00fcr uns daher kein leeres Schlagwort, vielmehr sind wir uns als Diagnostika-Hersteller der besonderen Verpflichtung gegen\u00fcber den Kunden, und letztlich den Patienten, bewusst. Mit hochwertigen und sicheren Produkten sowie dem schnellen und kompetenten Service unserer Medizinprodukteberater sind wir ein zuverl\u00e4ssiger Partner in der Labordiagnostik.<\/p><p>S\u00e4mtliche Diagnostika werden am Firmensitz entwickelt und in modernen Produktionsanlagen hergestellt. F\u00fcr unsere Laborger\u00e4te-Sparte verf\u00fcgen wir \u00fcber eine eigene Service-Werkstatt. Die Unternehmensprozesse werden hierbei durch ein zertifiziertes QM-System (ISO 13485, ISO 9001) \u00fcberwacht. Im Rahmen der Qualit\u00e4tssicherung f\u00fcr unsere Kalibrator- und Kontroll-Materialien nehmen wir an nationalen und europ\u00e4ischen Ringversuchen teil.<\/p><p>Laboratorien in Deutschland und in \u00fcber 60 L\u00e4ndern weltweit setzen unsere Produkte erfolgreich ein.<\/p>\t\t\t\t\t\t\t\t<\/div>\n\t\t\t\t<\/div>\n\t\t\t\t\t<\/div>\n\t\t<\/div>\n\t\t\t\t\t<\/div>\n\t\t<\/section>\n\t\t\t\t\t<\/div>\n\t\t<\/div>\n\t\t\t\t\t<\/div>\n\t\t<\/section>\n\t\t\t\t<\/div>\n\t\t","protected":false},"excerpt":{"rendered":"<p>Vertrieb Downloads RECIPE geh\u00f6rt zu den weltweit f\u00fchrenden Unternehmen f\u00fcr die Spezialdiagnostik mit HPLC- und LC-MS\/MS Systemen. RECIPE Hauptsitz in M\u00fcnchen. Die Firma RECIPE wurde 1982 in M\u00fcnchen gegr\u00fcndet und geh\u00f6rt heute zu den f\u00fchrenden Unternehmen f\u00fcr die Spezialdiagnostik mit HPLC- und LC-MS\/MS Systemen. Im R\u00fcckblick auf das 30-j\u00e4hrige Firmenbestehen verbinden wir den Erfolg unseres [&hellip;]<\/p>\n","protected":false},"author":1,"featured_media":0,"parent":0,"menu_order":0,"comment_status":"closed","ping_status":"closed","template":"","meta":{"footnotes":""},"class_list":["post-1709","page","type-page","status-publish","hentry"],"aioseo_notices":[],"_links":{"self":[{"href":"https:\/\/recipe.de\/de\/wp-json\/wp\/v2\/pages\/1709","targetHints":{"allow":["GET"]}}],"collection":[{"href":"https:\/\/recipe.de\/de\/wp-json\/wp\/v2\/pages"}],"about":[{"href":"https:\/\/recipe.de\/de\/wp-json\/wp\/v2\/types\/page"}],"author":[{"embeddable":true,"href":"https:\/\/recipe.de\/de\/wp-json\/wp\/v2\/users\/1"}],"replies":[{"embeddable":true,"href":"https:\/\/recipe.de\/de\/wp-json\/wp\/v2\/comments?post=1709"}],"version-history":[{"count":0,"href":"https:\/\/recipe.de\/de\/wp-json\/wp\/v2\/pages\/1709\/revisions"}],"wp:attachment":[{"href":"https:\/\/recipe.de\/de\/wp-json\/wp\/v2\/media?parent=1709"}],"curies":[{"name":"wp","href":"https:\/\/api.w.org\/{rel}","templated":true}]}}