{"id":32953,"date":"2022-12-16T13:00:13","date_gmt":"2022-12-16T12:00:13","guid":{"rendered":"https:\/\/recipe.de\/?page_id=32953"},"modified":"2026-02-10T13:48:51","modified_gmt":"2026-02-10T12:48:51","slug":"ivdr","status":"publish","type":"page","link":"https:\/\/recipe.de\/de\/ivdr\/","title":{"rendered":"IVDR"},"content":{"rendered":"\t\t<div data-elementor-type=\"wp-page\" data-elementor-id=\"32953\" class=\"elementor elementor-32953\" data-elementor-post-type=\"page\">\n\t\t\t\t\t\t<section class=\"elementor-section elementor-top-section elementor-element elementor-element-1c04337e elementor-section-stretched elementor-section-boxed elementor-section-height-default elementor-section-height-default\" data-id=\"1c04337e\" data-element_type=\"section\" data-e-type=\"section\" data-settings=\"{&quot;stretch_section&quot;:&quot;section-stretched&quot;,&quot;background_background&quot;:&quot;classic&quot;}\">\n\t\t\t\t\t\t\t<div class=\"elementor-background-overlay\"><\/div>\n\t\t\t\t\t\t\t<div class=\"elementor-container elementor-column-gap-default\">\n\t\t\t\t\t<div class=\"elementor-column elementor-col-50 elementor-top-column elementor-element elementor-element-697d09ab\" data-id=\"697d09ab\" data-element_type=\"column\" data-e-type=\"column\">\n\t\t\t<div class=\"elementor-widget-wrap elementor-element-populated\">\n\t\t\t\t\t\t\t<\/div>\n\t\t<\/div>\n\t\t\t\t<div class=\"elementor-column elementor-col-50 elementor-top-column elementor-element elementor-element-45f22992\" data-id=\"45f22992\" data-element_type=\"column\" data-e-type=\"column\" data-settings=\"{&quot;background_background&quot;:&quot;classic&quot;}\">\n\t\t\t<div class=\"elementor-widget-wrap elementor-element-populated\">\n\t\t\t\t\t\t<div class=\"elementor-element elementor-element-209fcea8 elementor-widget elementor-widget-heading\" data-id=\"209fcea8\" data-element_type=\"widget\" data-e-type=\"widget\" data-widget_type=\"heading.default\">\n\t\t\t\t<div class=\"elementor-widget-container\">\n\t\t\t\t\t<h1 class=\"elementor-heading-title elementor-size-default\">IVDR<\/h1>\t\t\t\t<\/div>\n\t\t\t\t<\/div>\n\t\t\t\t\t<\/div>\n\t\t<\/div>\n\t\t\t\t\t<\/div>\n\t\t<\/section>\n\t\t\t\t<section class=\"elementor-section elementor-top-section elementor-element elementor-element-5a433ffe elementor-section-stretched lcmsms elementor-section-boxed elementor-section-height-default elementor-section-height-default\" data-id=\"5a433ffe\" data-element_type=\"section\" data-e-type=\"section\" data-settings=\"{&quot;stretch_section&quot;:&quot;section-stretched&quot;,&quot;background_background&quot;:&quot;classic&quot;}\">\n\t\t\t\t\t\t\t<div class=\"elementor-background-overlay\"><\/div>\n\t\t\t\t\t\t\t<div class=\"elementor-container elementor-column-gap-default\">\n\t\t\t\t\t<div class=\"elementor-column elementor-col-100 elementor-top-column elementor-element elementor-element-1577b3e5\" data-id=\"1577b3e5\" data-element_type=\"column\" data-e-type=\"column\">\n\t\t\t<div class=\"elementor-widget-wrap elementor-element-populated\">\n\t\t\t\t\t\t<section class=\"elementor-section elementor-inner-section elementor-element elementor-element-476209ca elementor-section-boxed elementor-section-height-default elementor-section-height-default\" data-id=\"476209ca\" data-element_type=\"section\" data-e-type=\"section\">\n\t\t\t\t\t\t<div class=\"elementor-container elementor-column-gap-default\">\n\t\t\t\t\t<div class=\"elementor-column elementor-col-33 elementor-inner-column elementor-element elementor-element-44f5edc8\" data-id=\"44f5edc8\" data-element_type=\"column\" data-e-type=\"column\">\n\t\t\t<div class=\"elementor-widget-wrap elementor-element-populated\">\n\t\t\t\t\t\t<div class=\"elementor-element elementor-element-363675c9 elementor-widget__width-initial elementor-widget elementor-widget-image\" data-id=\"363675c9\" data-element_type=\"widget\" data-e-type=\"widget\" data-widget_type=\"image.default\">\n\t\t\t\t<div class=\"elementor-widget-container\">\n\t\t\t\t\t\t\t\t\t\t\t\t\t\t\t<img fetchpriority=\"high\" decoding=\"async\" width=\"2048\" height=\"1152\" src=\"https:\/\/recipe.de\/wp-content\/uploads\/AdobeStock_402341966-2-2048x1152.jpeg\" class=\"attachment-2048x2048 size-2048x2048 wp-image-36845\" alt=\"\" srcset=\"https:\/\/recipe.de\/wp-content\/uploads\/AdobeStock_402341966-2-2048x1152.jpeg 2048w, https:\/\/recipe.de\/wp-content\/uploads\/AdobeStock_402341966-2-300x169.jpeg 300w, https:\/\/recipe.de\/wp-content\/uploads\/AdobeStock_402341966-2-1024x576.jpeg 1024w, https:\/\/recipe.de\/wp-content\/uploads\/AdobeStock_402341966-2-768x432.jpeg 768w, https:\/\/recipe.de\/wp-content\/uploads\/AdobeStock_402341966-2-1536x864.jpeg 1536w\" sizes=\"(max-width: 2048px) 100vw, 2048px\" \/>\t\t\t\t\t\t\t\t\t\t\t\t\t\t\t<\/div>\n\t\t\t\t<\/div>\n\t\t\t\t\t<\/div>\n\t\t<\/div>\n\t\t\t\t<div class=\"elementor-column elementor-col-33 elementor-inner-column elementor-element elementor-element-6486e146\" data-id=\"6486e146\" data-element_type=\"column\" data-e-type=\"column\">\n\t\t\t<div class=\"elementor-widget-wrap\">\n\t\t\t\t\t\t\t<\/div>\n\t\t<\/div>\n\t\t\t\t<div class=\"elementor-column elementor-col-33 elementor-inner-column elementor-element elementor-element-76a46ac2\" data-id=\"76a46ac2\" data-element_type=\"column\" data-e-type=\"column\">\n\t\t\t<div class=\"elementor-widget-wrap elementor-element-populated\">\n\t\t\t\t\t\t<div class=\"elementor-element elementor-element-7bfdeaf4 elementor-widget elementor-widget-text-editor\" data-id=\"7bfdeaf4\" data-element_type=\"widget\" data-e-type=\"widget\" data-widget_type=\"text-editor.default\">\n\t\t\t\t<div class=\"elementor-widget-container\">\n\t\t\t\t\t\t\t\t\t<p>Alle CE-IVD-gekennzeichneten Produkte von RECIPE entsprechen der IVD-Richtlinie 98\/78\/EG (IVDD).<\/p><p>Die IVDD wurde am 26.05.2022 durch die Verordnung (EU) 2017\/746 \u00fcber In-vitro-Diagnostika (IVDR) aufgehoben.<\/p><p>Durch die Verordnung (EU) 2022\/112 wurden \u00dcbergangsbestimmungen in die IVDR aufgenommen, welche es den Herstellern erlauben, weiterhin IVDD-konforme Produkte in Verkehr zu bringen.<\/p><p>Alle RECIPE Produkte geh\u00f6ren der Risikoklasse B oder C an. Die \u00dcbergangsfristen gem\u00e4\u00df der EU-Verordnung 2024\/1860 f\u00fcr diese Produkte enden am 31.12.2029 f\u00fcr die Risikoklasse B und am 31.12.2028 f\u00fcr die Risikoklasse C. Alle RECIPE Produkte sind bis zum Ende der \u00dcbergangsfristen unter der IVDD g\u00fcltig.<\/p><p>RECIPE Produkte sind zertifiziert nach IVDR gem\u00e4\u00df Verordnung (EU) 2017\/746 \u00fcber In-vitro-Diagnostika, Anhang IX, Kapitel I und III (<strong><a href=\"https:\/\/recipe.de\/wp-content\/uploads\/IVDR-759872_2025-11-18.pdf\">BSI EU IVDR Zertifikat Nr. 759872<\/a><\/strong>).<\/p>\t\t\t\t\t\t\t\t<\/div>\n\t\t\t\t<\/div>\n\t\t\t\t\t<\/div>\n\t\t<\/div>\n\t\t\t\t\t<\/div>\n\t\t<\/section>\n\t\t\t\t\t<\/div>\n\t\t<\/div>\n\t\t\t\t\t<\/div>\n\t\t<\/section>\n\t\t\t\t<section class=\"elementor-section elementor-top-section elementor-element elementor-element-36040af elementor-section-boxed elementor-section-height-default elementor-section-height-default\" data-id=\"36040af\" data-element_type=\"section\" data-e-type=\"section\">\n\t\t\t\t\t\t<div class=\"elementor-container elementor-column-gap-default\">\n\t\t\t\t\t<div class=\"elementor-column elementor-col-100 elementor-top-column elementor-element elementor-element-a462fe6\" data-id=\"a462fe6\" data-element_type=\"column\" data-e-type=\"column\">\n\t\t\t<div class=\"elementor-widget-wrap elementor-element-populated\">\n\t\t\t\t\t\t<div class=\"elementor-element elementor-element-cd94a2b elementor-widget elementor-widget-text-editor\" data-id=\"cd94a2b\" data-element_type=\"widget\" data-e-type=\"widget\" data-widget_type=\"text-editor.default\">\n\t\t\t\t<div class=\"elementor-widget-container\">\n\t\t\t\t\t\t\t\t\t<table width=\"1301\"><tbody><tr><td colspan=\"3\" width=\"360\"><h3>RECIPE IVDR-konforme Produkte (Stand: 10.02.2026):<\/h3><\/td><td width=\"137\">\u00a0<\/td><td width=\"101\">\u00a0<\/td><td width=\"86\">\u00a0<\/td><td width=\"86\">\u00a0<\/td><td width=\"80\">\u00a0<\/td><td width=\"80\">\u00a0<\/td><td width=\"80\">\u00a0<\/td><td width=\"80\">\u00a0<\/td><\/tr><tr><td width=\"66\"><h3><strong>Best.-Nr.<\/strong><\/h3><\/td><td width=\"284\"><h3><strong>Produktname<\/strong><\/h3><\/td><td width=\"10\">\u00a0<\/td><td width=\"137\">\u00a0<\/td><td width=\"101\">\u00a0<\/td><td width=\"86\">\u00a0<\/td><td width=\"86\">\u00a0<\/td><td width=\"80\">\u00a0<\/td><td width=\"80\">\u00a0<\/td><td width=\"80\">\u00a0<\/td><td width=\"80\">\u00a0<\/td><\/tr><tr><td width=\"66\"><h3>1000<\/h3><\/td><td colspan=\"3\" width=\"430\"><h3>ClinRep\u00ae Komplettkit f\u00fcr Katecholamine im Plasma<\/h3><\/td><td width=\"101\">\u00a0<\/td><td width=\"86\">\u00a0<\/td><td width=\"86\">\u00a0<\/td><td width=\"80\">\u00a0<\/td><td width=\"80\">\u00a0<\/td><td width=\"80\">\u00a0<\/td><td width=\"80\">\u00a0<\/td><\/tr><tr><td width=\"66\"><h3>2000<\/h3><\/td><td colspan=\"3\" width=\"430\"><h3>ClinRep\u00ae Komplettkit f\u00fcr Katecholamine im Urin<\/h3><\/td><td width=\"101\">\u00a0<\/td><td width=\"86\">\u00a0<\/td><td width=\"86\">\u00a0<\/td><td width=\"80\">\u00a0<\/td><td width=\"80\">\u00a0<\/td><td width=\"80\">\u00a0<\/td><td width=\"80\">\u00a0<\/td><\/tr><tr><td width=\"66\"><h3>3500<\/h3><\/td><td colspan=\"4\" width=\"532\"><h3>ClinRep\u00ae Komplettkit f\u00fcr VMS, HVS, 5-HIES im Urin, <em>advanced<\/em><\/h3><\/td><td width=\"86\">\u00a0<\/td><td width=\"86\">\u00a0<\/td><td width=\"80\">\u00a0<\/td><td width=\"80\">\u00a0<\/td><td width=\"80\">\u00a0<\/td><td width=\"80\">\u00a0<\/td><\/tr><tr><td width=\"66\"><h3>4500<\/h3><\/td><td colspan=\"4\" width=\"532\"><h3>ClinRep\u00ae Komplettkit f\u00fcr Metanephrine im Urin,<em> advanced<\/em><\/h3><\/td><td width=\"86\">\u00a0<\/td><td width=\"86\">\u00a0<\/td><td width=\"80\">\u00a0<\/td><td width=\"80\">\u00a0<\/td><td width=\"80\">\u00a0<\/td><td width=\"80\">\u00a0<\/td><\/tr><tr><td width=\"66\"><h3>14000<\/h3><\/td><td colspan=\"4\" width=\"532\"><h3>ClinRep\u00ae Komplettkit, <em>advanced<\/em>, f\u00fcr Antiepileptika im Serum \/ Plasma<\/h3><\/td><td width=\"86\">\u00a0<\/td><td width=\"86\">\u00a0<\/td><td width=\"80\">\u00a0<\/td><td width=\"80\">\u00a0<\/td><td width=\"80\">\u00a0<\/td><td width=\"80\">\u00a0<\/td><\/tr><tr><td width=\"66\"><h3>14100<\/h3><\/td><td colspan=\"4\" width=\"532\"><h3>ClinRep\u00ae Komplettkit f\u00fcr Antiepileptika im Serum und Plasma mit UHPLC<\/h3><\/td><td width=\"86\">\u00a0<\/td><td width=\"86\">\u00a0<\/td><td width=\"80\">\u00a0<\/td><td width=\"80\">\u00a0<\/td><td width=\"80\">\u00a0<\/td><td width=\"80\">\u00a0<\/td><\/tr><tr><td width=\"66\"><h3>17200<\/h3><\/td><td colspan=\"4\" width=\"532\"><h3>ClinEasy\u00ae Komplettkit f\u00fcr 5-Aminol\u00e4vulins\u00e4ure und Porphobilinogen im Urin<\/h3><\/td><td width=\"86\">\u00a0<\/td><td width=\"86\">\u00a0<\/td><td width=\"80\">\u00a0<\/td><td width=\"80\">\u00a0<\/td><td width=\"80\">\u00a0<\/td><td width=\"80\">\u00a0<\/td><\/tr><tr><td width=\"66\"><h3>17300<\/h3><\/td><td colspan=\"3\" width=\"430\"><h3>ClinEasy\u00ae Komplettkit f\u00fcr Porphobilinogen im Urin<\/h3><\/td><td width=\"101\">\u00a0<\/td><td width=\"86\">\u00a0<\/td><td width=\"86\">\u00a0<\/td><td width=\"80\">\u00a0<\/td><td width=\"80\">\u00a0<\/td><td width=\"80\">\u00a0<\/td><td width=\"80\">\u00a0<\/td><\/tr><tr><td width=\"66\"><h3>21000<\/h3><\/td><td colspan=\"5\" width=\"617\"><h3>ClinRep\u00ae Komplettkit f\u00fcr CDT (Kohlenhydrat-defizientes Transferrin) im Serum<\/h3><\/td><td width=\"86\">\u00a0<\/td><td width=\"80\">\u00a0<\/td><td width=\"80\">\u00a0<\/td><td width=\"80\">\u00a0<\/td><td width=\"80\">\u00a0<\/td><\/tr><tr><td width=\"66\"><h3>21100<\/h3><\/td><td colspan=\"5\" width=\"617\"><h3>ClinRep\u00ae Komplettkit f\u00fcr CDT (Kohlenhydrat-defizientes Transferrin) im Serum, on-line<\/h3><\/td><td width=\"86\">\u00a0<\/td><td width=\"80\">\u00a0<\/td><td width=\"80\">\u00a0<\/td><td width=\"80\">\u00a0<\/td><td width=\"80\">\u00a0<\/td><\/tr><tr><td width=\"66\"><h3>21200<\/h3><\/td><td colspan=\"6\" width=\"703\"><h3>ClinRep\u00ae Komplettkit f\u00fcr CDT (Kohlenhydrat-defizientes Transferrin) im Serum, automatisierte on-line Analytik<\/h3><\/td><td width=\"80\">\u00a0<\/td><td width=\"80\">\u00a0<\/td><td width=\"80\">\u00a0<\/td><td width=\"80\">\u00a0<\/td><\/tr><tr><td width=\"66\"><h3>22000<\/h3><\/td><td colspan=\"4\" width=\"532\"><h3>ClinRep\u00ae Komplettkit f\u00fcr Vitamin A und E im Serum und Plasma<\/h3><\/td><td width=\"86\">\u00a0<\/td><td width=\"86\">\u00a0<\/td><td width=\"80\">\u00a0<\/td><td width=\"80\">\u00a0<\/td><td width=\"80\">\u00a0<\/td><td width=\"80\">\u00a0<\/td><\/tr><tr><td width=\"66\"><h3>22100<\/h3><\/td><td colspan=\"4\" width=\"532\"><h3>ClinRep\u00ae Komplettkit f\u00fcr Vitamin A und E im Serum und Plasma mit UHPLC<\/h3><\/td><td width=\"86\">\u00a0<\/td><td width=\"86\">\u00a0<\/td><td width=\"80\">\u00a0<\/td><td width=\"80\">\u00a0<\/td><td width=\"80\">\u00a0<\/td><td width=\"80\">\u00a0<\/td><\/tr><tr><td width=\"66\"><h3>23000<\/h3><\/td><td colspan=\"3\" width=\"430\"><h3>ClinRep\u00ae Komplettkit f\u00fcr Homocystein im Plasma<\/h3><\/td><td width=\"101\">\u00a0<\/td><td width=\"86\">\u00a0<\/td><td width=\"86\">\u00a0<\/td><td width=\"80\">\u00a0<\/td><td width=\"80\">\u00a0<\/td><td width=\"80\">\u00a0<\/td><td width=\"80\">\u00a0<\/td><\/tr><tr><td width=\"66\"><h3>24000<\/h3><\/td><td colspan=\"3\" width=\"430\"><h3>ClinRep\u00ae Komplettkit f\u00fcr Vitamin B1 im Vollblut<\/h3><\/td><td width=\"101\">\u00a0<\/td><td width=\"86\">\u00a0<\/td><td width=\"86\">\u00a0<\/td><td width=\"80\">\u00a0<\/td><td width=\"80\">\u00a0<\/td><td width=\"80\">\u00a0<\/td><td width=\"80\">\u00a0<\/td><\/tr><tr><td width=\"66\"><h3>25000<\/h3><\/td><td colspan=\"3\" width=\"430\"><h3>ClinRep\u00ae Komplettkit f\u00fcr Vitamin B2 im Vollblut<\/h3><\/td><td width=\"101\">\u00a0<\/td><td width=\"86\">\u00a0<\/td><td width=\"86\">\u00a0<\/td><td width=\"80\">\u00a0<\/td><td width=\"80\">\u00a0<\/td><td width=\"80\">\u00a0<\/td><td width=\"80\">\u00a0<\/td><\/tr><tr><td width=\"66\"><h3>26000<\/h3><\/td><td colspan=\"4\" width=\"532\"><h3>ClinRep\u00ae Komplettkit f\u00fcr Vitamin B6 im Plasma und Vollblut<\/h3><\/td><td width=\"86\">\u00a0<\/td><td width=\"86\">\u00a0<\/td><td width=\"80\">\u00a0<\/td><td width=\"80\">\u00a0<\/td><td width=\"80\">\u00a0<\/td><td width=\"80\">\u00a0<\/td><\/tr><tr><td width=\"66\"><h3>27000<\/h3><\/td><td colspan=\"6\" width=\"703\"><h3>ClinRep\u00ae Chromatographiekit f\u00fcr Vitamin B1, B2 im Vollblut und Vitamin B6 im Plasma und Vollblut<\/h3><\/td><td width=\"80\">\u00a0<\/td><td width=\"80\">\u00a0<\/td><td width=\"80\">\u00a0<\/td><td width=\"80\">\u00a0<\/td><\/tr><tr><td width=\"66\"><h3>27001<\/h3><\/td><td colspan=\"4\" width=\"532\"><h3>ClinRep\u00ae Probenvorbereitungskit f\u00fcr Vitamin B1 im Vollblut<\/h3><\/td><td width=\"86\">\u00a0<\/td><td width=\"86\">\u00a0<\/td><td width=\"80\">\u00a0<\/td><td width=\"80\">\u00a0<\/td><td width=\"80\">\u00a0<\/td><td width=\"80\">\u00a0<\/td><\/tr><tr><td width=\"66\"><h3>27002<\/h3><\/td><td colspan=\"4\" width=\"532\"><h3>ClinRep\u00ae Probenvorbereitungskit f\u00fcr Vitamin B2 im Vollblut<\/h3><\/td><td width=\"86\">\u00a0<\/td><td width=\"86\">\u00a0<\/td><td width=\"80\">\u00a0<\/td><td width=\"80\">\u00a0<\/td><td width=\"80\">\u00a0<\/td><td width=\"80\">\u00a0<\/td><\/tr><tr><td width=\"66\"><h3>27006<\/h3><\/td><td colspan=\"4\" width=\"532\"><h3>ClinRep\u00ae Probenvorbereitungskit f\u00fcr Vitamin B6 im Plasma und Vollblut<\/h3><\/td><td width=\"86\">\u00a0<\/td><td width=\"86\">\u00a0<\/td><td width=\"80\">\u00a0<\/td><td width=\"80\">\u00a0<\/td><td width=\"80\">\u00a0<\/td><td width=\"80\">\u00a0<\/td><\/tr><tr><td width=\"66\"><h3>35000<\/h3><\/td><td colspan=\"4\" width=\"532\"><h3>ClinRep\u00ae Komplettkit f\u00fcr 25-OH-Vitamin D2\/D3 im Plasma und Serum<\/h3><\/td><td width=\"86\">\u00a0<\/td><td width=\"86\">\u00a0<\/td><td width=\"80\">\u00a0<\/td><td width=\"80\">\u00a0<\/td><td width=\"80\">\u00a0<\/td><td width=\"80\">\u00a0<\/td><\/tr><tr><td width=\"66\"><h3>35100<\/h3><\/td><td colspan=\"5\" width=\"617\"><h3>ClinRep\u00ae Komplettkit f\u00fcr 25-OH-Vitamin D2\/D3 im Plasma und Serum mit UHPLC<\/h3><\/td><td width=\"86\">\u00a0<\/td><td width=\"80\">\u00a0<\/td><td width=\"80\">\u00a0<\/td><td width=\"80\">\u00a0<\/td><td width=\"80\">\u00a0<\/td><\/tr><tr><td width=\"66\"><h3>MS1100<\/h3><\/td><td colspan=\"5\" width=\"617\"><h3>ClinMass\u00ae Komplettkit, <em>advanced<\/em>, f\u00fcr Immunsuppressiva im Vollblut, on-line<\/h3><\/td><td width=\"86\">\u00a0<\/td><td width=\"80\">\u00a0<\/td><td width=\"80\">\u00a0<\/td><td width=\"80\">\u00a0<\/td><td width=\"80\">\u00a0<\/td><\/tr><tr><td width=\"66\"><h3>MS1200<\/h3><\/td><td colspan=\"6\" width=\"703\"><h3>ClinMass\u00ae Komplettkit, <em>advanced<\/em>, f\u00fcr Immunsuppressiva im Vollblut, automatisierte on-line Analytik<\/h3><\/td><td width=\"80\">\u00a0<\/td><td width=\"80\">\u00a0<\/td><td width=\"80\">\u00a0<\/td><td width=\"80\">\u00a0<\/td><\/tr><tr><td width=\"66\"><h3>MS1300<\/h3><\/td><td colspan=\"7\" width=\"783\"><h3>ClinMass\u00ae Komplettkit, <em>advanced<\/em>, f\u00fcr Immunsuppressiva im Vollblut, automatisierte on-line Analytik mit Filterplatten<\/h3><\/td><td width=\"80\">\u00a0<\/td><td width=\"80\">\u00a0<\/td><td width=\"80\">\u00a0<\/td><\/tr><tr><td width=\"66\"><h3>MS2000<\/h3><\/td><td colspan=\"4\" width=\"532\"><h3>ClinMass\u00ae Komplettkit f\u00fcr Homocystein im Plasma und Serum<\/h3><\/td><td width=\"86\">\u00a0<\/td><td width=\"86\">\u00a0<\/td><td width=\"80\">\u00a0<\/td><td width=\"80\">\u00a0<\/td><td width=\"80\">\u00a0<\/td><td width=\"80\">\u00a0<\/td><\/tr><tr><td width=\"66\"><h3>MS2100<\/h3><\/td><td colspan=\"4\" width=\"532\"><h3>ClinSpot\u00ae Komplettkit f\u00fcr Homocystein im Trockenblut (Filterspots)<\/h3><\/td><td width=\"86\">\u00a0<\/td><td width=\"86\">\u00a0<\/td><td width=\"80\">\u00a0<\/td><td width=\"80\">\u00a0<\/td><td width=\"80\">\u00a0<\/td><td width=\"80\">\u00a0<\/td><\/tr><tr><td width=\"66\"><h3>MS5100<\/h3><\/td><td colspan=\"5\" width=\"617\"><h3>ClinMass\u00ae Komplettkit, <em>advanced<\/em>, f\u00fcr Methylmalons\u00e4ure im Serum, Plasma und Urin<\/h3><\/td><td width=\"86\">\u00a0<\/td><td width=\"80\">\u00a0<\/td><td width=\"80\">\u00a0<\/td><td width=\"80\">\u00a0<\/td><td width=\"80\">\u00a0<\/td><\/tr><tr><td width=\"66\"><h3>MS7000<\/h3><\/td><td colspan=\"5\" width=\"617\"><h3>ClinMass\u00ae Komplettkit f\u00fcr 25-OH-Vitamin D2\/D3 im Plasma und Serum, on-line<\/h3><\/td><td width=\"86\">\u00a0<\/td><td width=\"80\">\u00a0<\/td><td width=\"80\">\u00a0<\/td><td width=\"80\">\u00a0<\/td><td width=\"80\">\u00a0<\/td><\/tr><tr><td width=\"66\"><h3>MS7100<\/h3><\/td><td colspan=\"6\" width=\"703\"><h3>ClinMass\u00ae Komplettkit f\u00fcr 25-OH-Vitamin D2\/D3 im Plasma und Serum, automatisierte on-line Analytik<\/h3><\/td><td width=\"80\">\u00a0<\/td><td width=\"80\">\u00a0<\/td><td width=\"80\">\u00a0<\/td><td width=\"80\">\u00a0<\/td><\/tr><tr><td width=\"66\"><h3>MS7200<\/h3><\/td><td colspan=\"7\" width=\"783\"><h3>ClinMass\u00ae Komplettkit f\u00fcr 25-OH-Vitamin D2\/D3 im Plasma und Serum, automatisierte on-line Analytik mit Filterplatten<\/h3><\/td><td width=\"80\">\u00a0<\/td><td width=\"80\">\u00a0<\/td><td width=\"80\">\u00a0<\/td><\/tr><tr><td width=\"66\"><h3>MS8000<\/h3><\/td><td colspan=\"4\" width=\"532\"><h3>ClinMass\u00ae Komplettkit f\u00fcr Ethylglukuronid und Ethylsulfat im Urin<\/h3><\/td><td width=\"86\">\u00a0<\/td><td width=\"86\">\u00a0<\/td><td width=\"80\">\u00a0<\/td><td width=\"80\">\u00a0<\/td><td width=\"80\">\u00a0<\/td><td width=\"80\">\u00a0<\/td><\/tr><tr><td width=\"66\"><h3>MS8100<\/h3><\/td><td colspan=\"4\" width=\"532\"><h3>ClinMass\u00ae Zusatzkit f\u00fcr Ethylglukuronid and Ethylsulfat im Plasma und Serum<\/h3><\/td><td width=\"86\">\u00a0<\/td><td width=\"86\">\u00a0<\/td><td width=\"80\">\u00a0<\/td><td width=\"80\">\u00a0<\/td><td width=\"80\">\u00a0<\/td><td width=\"80\">\u00a0<\/td><\/tr><tr><td width=\"66\"><h3>MS9100<\/h3><\/td><td colspan=\"4\" width=\"532\"><h3>ClinMass\u00ae Add-on Set f\u00fcr Trizyklische Antidepressiva im Serum und Plasma<\/h3><\/td><td width=\"86\">\u00a0<\/td><td width=\"86\">\u00a0<\/td><td width=\"80\">\u00a0<\/td><td width=\"80\">\u00a0<\/td><td width=\"80\">\u00a0<\/td><td width=\"80\">\u00a0<\/td><\/tr><tr><td width=\"66\"><h3>MS9200<\/h3><\/td><td colspan=\"4\" width=\"532\"><h3>ClinMass\u00ae Add-on Set f\u00fcr Antiepileptika im Serum f\u00fcr Plasma<\/h3><\/td><td width=\"86\">\u00a0<\/td><td width=\"86\">\u00a0<\/td><td width=\"80\">\u00a0<\/td><td width=\"80\">\u00a0<\/td><td width=\"80\">\u00a0<\/td><td width=\"80\">\u00a0<\/td><\/tr><tr><td width=\"66\"><h3>MS9300<\/h3><\/td><td colspan=\"4\" width=\"532\"><h3>ClinMass\u00ae Add-on Set f\u00fcr Neuroleptika im Serum und Plasma<\/h3><\/td><td width=\"86\">\u00a0<\/td><td width=\"86\">\u00a0<\/td><td width=\"80\">\u00a0<\/td><td width=\"80\">\u00a0<\/td><td width=\"80\">\u00a0<\/td><td width=\"80\">\u00a0<\/td><\/tr><tr><td width=\"66\"><h3>MS9400<\/h3><\/td><td colspan=\"4\" width=\"532\"><h3>ClinMass\u00ae Add-on Set f\u00fcr Antidepressiva im Serum und Plasma<\/h3><\/td><td width=\"86\">\u00a0<\/td><td width=\"86\">\u00a0<\/td><td width=\"80\">\u00a0<\/td><td width=\"80\">\u00a0<\/td><td width=\"80\">\u00a0<\/td><td width=\"80\">\u00a0<\/td><\/tr><tr><td width=\"66\"><h3>MS9500<\/h3><\/td><td colspan=\"4\" width=\"532\"><h3>ClinMass\u00ae Add-on Set f\u00fcr Benzodiazepine im Serum und Plasma<\/h3><\/td><td width=\"86\">\u00a0<\/td><td width=\"86\">\u00a0<\/td><td width=\"80\">\u00a0<\/td><td width=\"80\">\u00a0<\/td><td width=\"80\">\u00a0<\/td><td width=\"80\">\u00a0<\/td><\/tr><tr><td width=\"66\"><h3>MS9600<\/h3><\/td><td colspan=\"4\" width=\"532\"><h3>ClinMass\u00ae Add-on Set f\u00fcr Antimykotika im Serum und Plasma<\/h3><\/td><td width=\"86\">\u00a0<\/td><td width=\"86\">\u00a0<\/td><td width=\"80\">\u00a0<\/td><td width=\"80\">\u00a0<\/td><td width=\"80\">\u00a0<\/td><td width=\"80\">\u00a0<\/td><\/tr><tr><td width=\"66\"><h3>MS10000<\/h3><\/td><td colspan=\"5\" width=\"617\"><h3>ClinSpot\u00ae Komplettkit f\u00fcr Aminos\u00e4uren und Acylcarnitine im Trockenblut (Filterspots)<\/h3><\/td><td width=\"86\">\u00a0<\/td><td width=\"80\">\u00a0<\/td><td width=\"80\">\u00a0<\/td><td width=\"80\">\u00a0<\/td><td width=\"80\">\u00a0<\/td><\/tr><tr><td width=\"66\"><h3>MS10100<\/h3><\/td><td colspan=\"6\" width=\"703\"><h3>ClinSpot\u00ae Komplettkit f\u00fcr Aminos\u00e4uren und Acylcarnitine im Trockenblut (Filterspots) mit Filterplatten<\/h3><\/td><td width=\"80\">\u00a0<\/td><td width=\"80\">\u00a0<\/td><td width=\"80\">\u00a0<\/td><td width=\"80\">\u00a0<\/td><\/tr><tr><td width=\"66\"><h3>MS10200<\/h3><\/td><td colspan=\"6\" width=\"703\"><h3>ClinSpot\u00ae Komplettkit f\u00fcr Aminos\u00e4uren und Acylcarnitine im Trockenblut (Filterspots), nicht-derivatisiert<\/h3><\/td><td width=\"80\">\u00a0<\/td><td width=\"80\">\u00a0<\/td><td width=\"80\">\u00a0<\/td><td width=\"80\">\u00a0<\/td><\/tr><tr><td width=\"66\"><h3>MS10300<\/h3><\/td><td colspan=\"7\" width=\"783\"><h3>ClinSpot\u00ae Komplettkit f\u00fcr Aminos\u00e4uren und Acylcarnitine im Trockenblut (Filterspots), mit Filterplatten, nicht-derivatisiert<\/h3><\/td><td width=\"80\">\u00a0<\/td><td width=\"80\">\u00a0<\/td><td width=\"80\">\u00a0<\/td><\/tr><tr><td width=\"66\"><h3>MS11000<\/h3><\/td><td colspan=\"4\" width=\"532\"><h3>ClinMass\u00ae Komplettkit f\u00fcr Freie Metanephrine im Plasma, on-line<\/h3><\/td><td width=\"86\">\u00a0<\/td><td width=\"86\">\u00a0<\/td><td width=\"80\">\u00a0<\/td><td width=\"80\">\u00a0<\/td><td width=\"80\">\u00a0<\/td><td width=\"80\">\u00a0<\/td><\/tr><tr><td width=\"66\"><h3>MS11100<\/h3><\/td><td colspan=\"3\" width=\"430\"><h3>ClinMass\u00ae Komplettkit f\u00fcr Freie Metanephrine im Plasma<\/h3><\/td><td width=\"101\">\u00a0<\/td><td width=\"86\">\u00a0<\/td><td width=\"86\">\u00a0<\/td><td width=\"80\">\u00a0<\/td><td width=\"80\">\u00a0<\/td><td width=\"80\">\u00a0<\/td><td width=\"80\">\u00a0<\/td><\/tr><tr><td width=\"66\"><h3>MS13000<\/h3><\/td><td colspan=\"5\" width=\"617\"><h3>ClinMass\u00ae Komplettkit f\u00fcr Vitamine B1, B2 im Vollblut und Vitamin B6 im Plasma und Vollblut<\/h3><\/td><td width=\"86\">\u00a0<\/td><td width=\"80\">\u00a0<\/td><td width=\"80\">\u00a0<\/td><td width=\"80\">\u00a0<\/td><td width=\"80\">\u00a0<\/td><\/tr><tr><td width=\"66\"><h3>MS99100<\/h3><\/td><td colspan=\"4\" width=\"532\"><h3>ClinMass\u00ae Add-on Set f\u00fcr Mycophenols\u00e4ure im Serum und Plasma<\/h3><\/td><td width=\"86\">\u00a0<\/td><td width=\"86\">\u00a0<\/td><td width=\"80\">\u00a0<\/td><td width=\"80\">\u00a0<\/td><td width=\"80\">\u00a0<\/td><td width=\"80\">\u00a0<\/td><\/tr><tr><td width=\"66\"><h3>MS99200<\/h3><\/td><td colspan=\"3\" width=\"430\"><h3>ClinMass\u00ae Add-on Set f\u00fcr Immunsuppressiva im Vollblut<\/h3><\/td><td width=\"101\">\u00a0<\/td><td width=\"86\">\u00a0<\/td><td width=\"86\">\u00a0<\/td><td width=\"80\">\u00a0<\/td><td width=\"80\">\u00a0<\/td><td width=\"80\">\u00a0<\/td><td width=\"80\">\u00a0<\/td><\/tr><\/tbody><\/table><h3>\u00a0<\/h3>\t\t\t\t\t\t\t\t<\/div>\n\t\t\t\t<\/div>\n\t\t\t\t\t<\/div>\n\t\t<\/div>\n\t\t\t\t\t<\/div>\n\t\t<\/section>\n\t\t\t\t<\/div>\n\t\t","protected":false},"excerpt":{"rendered":"<p>IVDR Alle CE-IVD-gekennzeichneten Produkte von RECIPE entsprechen der IVD-Richtlinie 98\/78\/EG (IVDD). Die IVDD wurde am 26.05.2022 durch die Verordnung (EU) 2017\/746 \u00fcber In-vitro-Diagnostika (IVDR) aufgehoben. Durch die Verordnung (EU) 2022\/112 wurden \u00dcbergangsbestimmungen in die IVDR aufgenommen, welche es den Herstellern erlauben, weiterhin IVDD-konforme Produkte in Verkehr zu bringen. Alle RECIPE Produkte geh\u00f6ren der Risikoklasse B [&hellip;]<\/p>\n","protected":false},"author":3266,"featured_media":0,"parent":0,"menu_order":0,"comment_status":"closed","ping_status":"closed","template":"","meta":{"footnotes":""},"class_list":["post-32953","page","type-page","status-publish","hentry"],"aioseo_notices":[],"_links":{"self":[{"href":"https:\/\/recipe.de\/de\/wp-json\/wp\/v2\/pages\/32953","targetHints":{"allow":["GET"]}}],"collection":[{"href":"https:\/\/recipe.de\/de\/wp-json\/wp\/v2\/pages"}],"about":[{"href":"https:\/\/recipe.de\/de\/wp-json\/wp\/v2\/types\/page"}],"author":[{"embeddable":true,"href":"https:\/\/recipe.de\/de\/wp-json\/wp\/v2\/users\/3266"}],"replies":[{"embeddable":true,"href":"https:\/\/recipe.de\/de\/wp-json\/wp\/v2\/comments?post=32953"}],"version-history":[{"count":41,"href":"https:\/\/recipe.de\/de\/wp-json\/wp\/v2\/pages\/32953\/revisions"}],"predecessor-version":[{"id":37761,"href":"https:\/\/recipe.de\/de\/wp-json\/wp\/v2\/pages\/32953\/revisions\/37761"}],"wp:attachment":[{"href":"https:\/\/recipe.de\/de\/wp-json\/wp\/v2\/media?parent=32953"}],"curies":[{"name":"wp","href":"https:\/\/api.w.org\/{rel}","templated":true}]}}