{"id":438,"date":"2018-06-27T12:50:52","date_gmt":"2018-06-27T10:50:52","guid":{"rendered":"http:\/\/s780460219.online.de\/?page_id=438"},"modified":"2026-04-02T13:21:49","modified_gmt":"2026-04-02T11:21:49","slug":"ihre-karriere","status":"publish","type":"page","link":"https:\/\/recipe.de\/de\/ihre-karriere\/","title":{"rendered":"Karriere"},"content":{"rendered":"\t\t<div data-elementor-type=\"wp-post\" data-elementor-id=\"438\" class=\"elementor elementor-438\" data-elementor-post-type=\"page\">\n\t\t\t\t\t\t<section class=\"elementor-section elementor-top-section elementor-element elementor-element-a59b76c elementor-section-stretched elementor-section-boxed elementor-section-height-default elementor-section-height-default\" data-id=\"a59b76c\" data-element_type=\"section\" data-e-type=\"section\" data-settings=\"{&quot;stretch_section&quot;:&quot;section-stretched&quot;,&quot;background_background&quot;:&quot;classic&quot;}\">\n\t\t\t\t\t\t\t<div class=\"elementor-background-overlay\"><\/div>\n\t\t\t\t\t\t\t<div class=\"elementor-container elementor-column-gap-default\">\n\t\t\t\t\t<div class=\"elementor-column elementor-col-50 elementor-top-column elementor-element elementor-element-305a3d4d\" data-id=\"305a3d4d\" data-element_type=\"column\" data-e-type=\"column\">\n\t\t\t<div class=\"elementor-widget-wrap\">\n\t\t\t\t\t\t\t<\/div>\n\t\t<\/div>\n\t\t\t\t<div class=\"elementor-column elementor-col-50 elementor-top-column elementor-element elementor-element-70b7babc\" data-id=\"70b7babc\" data-element_type=\"column\" data-e-type=\"column\" data-settings=\"{&quot;background_background&quot;:&quot;classic&quot;}\">\n\t\t\t<div class=\"elementor-widget-wrap elementor-element-populated\">\n\t\t\t\t\t\t<div class=\"elementor-element elementor-element-790aa7a0 elementor-widget elementor-widget-heading\" data-id=\"790aa7a0\" data-element_type=\"widget\" data-e-type=\"widget\" data-widget_type=\"heading.default\">\n\t\t\t\t<div class=\"elementor-widget-container\">\n\t\t\t\t\t<h4 class=\"elementor-heading-title elementor-size-default\">Unternehmen<\/h4>\t\t\t\t<\/div>\n\t\t\t\t<\/div>\n\t\t\t\t<div class=\"elementor-element elementor-element-1e086180 elementor-widget elementor-widget-heading\" data-id=\"1e086180\" data-element_type=\"widget\" data-e-type=\"widget\" data-widget_type=\"heading.default\">\n\t\t\t\t<div class=\"elementor-widget-container\">\n\t\t\t\t\t<h1 class=\"elementor-heading-title elementor-size-default\">Karriere<\/h1>\t\t\t\t<\/div>\n\t\t\t\t<\/div>\n\t\t\t\t<div class=\"elementor-element elementor-element-1f76dfec elementor-widget elementor-widget-heading\" data-id=\"1f76dfec\" data-element_type=\"widget\" data-e-type=\"widget\" data-widget_type=\"heading.default\">\n\t\t\t\t<div class=\"elementor-widget-container\">\n\t\t\t\t\t<h2 class=\"elementor-heading-title elementor-size-default\">Aktuell sind folgende offene Stellen zu besetzen<\/h2>\t\t\t\t<\/div>\n\t\t\t\t<\/div>\n\t\t\t\t\t<\/div>\n\t\t<\/div>\n\t\t\t\t\t<\/div>\n\t\t<\/section>\n\t\t\t\t<section class=\"elementor-section elementor-top-section elementor-element elementor-element-3201398a elementor-section-stretched elementor-section-boxed elementor-section-height-default elementor-section-height-default\" data-id=\"3201398a\" data-element_type=\"section\" data-e-type=\"section\" data-settings=\"{&quot;stretch_section&quot;:&quot;section-stretched&quot;,&quot;background_background&quot;:&quot;classic&quot;}\">\n\t\t\t\t\t\t\t<div class=\"elementor-background-overlay\"><\/div>\n\t\t\t\t\t\t\t<div class=\"elementor-container elementor-column-gap-default\">\n\t\t\t\t\t<div class=\"elementor-column elementor-col-100 elementor-top-column elementor-element elementor-element-5e226b93\" data-id=\"5e226b93\" data-element_type=\"column\" data-e-type=\"column\">\n\t\t\t<div class=\"elementor-widget-wrap elementor-element-populated\">\n\t\t\t\t\t\t<section class=\"elementor-section elementor-inner-section elementor-element elementor-element-4caf24a8 elementor-section-boxed elementor-section-height-default elementor-section-height-default\" data-id=\"4caf24a8\" data-element_type=\"section\" data-e-type=\"section\">\n\t\t\t\t\t\t<div class=\"elementor-container elementor-column-gap-default\">\n\t\t\t\t\t<div class=\"elementor-column elementor-col-33 elementor-inner-column elementor-element elementor-element-58385b82\" data-id=\"58385b82\" data-element_type=\"column\" data-e-type=\"column\">\n\t\t\t<div class=\"elementor-widget-wrap elementor-element-populated\">\n\t\t\t\t\t\t<div class=\"elementor-element elementor-element-49f9bfae rellax elementor-widget elementor-widget-image\" data-id=\"49f9bfae\" data-element_type=\"widget\" data-e-type=\"widget\" data-widget_type=\"image.default\">\n\t\t\t\t<div class=\"elementor-widget-container\">\n\t\t\t\t\t\t\t\t\t\t\t\t<figure class=\"wp-caption\">\n\t\t\t\t\t\t\t\t\t\t<img fetchpriority=\"high\" decoding=\"async\" width=\"1000\" height=\"1000\" src=\"https:\/\/recipe.de\/wp-content\/uploads\/labor-1.jpg\" class=\"attachment-full size-full wp-image-4192\" alt=\"labor-1\" srcset=\"https:\/\/recipe.de\/wp-content\/uploads\/labor-1.jpg 1000w, https:\/\/recipe.de\/wp-content\/uploads\/labor-1-300x300.jpg 300w, https:\/\/recipe.de\/wp-content\/uploads\/labor-1-100x100.jpg 100w, https:\/\/recipe.de\/wp-content\/uploads\/labor-1-600x600.jpg 600w, https:\/\/recipe.de\/wp-content\/uploads\/labor-1-150x150.jpg 150w, https:\/\/recipe.de\/wp-content\/uploads\/labor-1-768x768.jpg 768w\" sizes=\"(max-width: 1000px) 100vw, 1000px\" \/>\t\t\t\t\t\t\t\t\t\t\t<figcaption class=\"widget-image-caption wp-caption-text\">RECIPE ist einer der f\u00fchrenden Anbieter von labormedizinischen Testverfahren f\u00fcr Krankenh\u00e4user und Labor\u00e4rzte. Unsere Produkte sind in \u00fcber 80 L\u00e4ndern weltweit etabliert und kommen z.B. in der Diagnostik von Erkrankungen und in der Arzneispiegelkontrolle zum Einsatz.<br \/><br \/>     RECIPE is a leading manufacturer of in-vitro diagnostics for hospitals and laboratories. Our products are used in over 80 countries for in-vitro diagnostics and drug level control.<\/figcaption>\n\t\t\t\t\t\t\t\t\t\t<\/figure>\n\t\t\t\t\t\t\t\t\t<\/div>\n\t\t\t\t<\/div>\n\t\t\t\t<div class=\"elementor-element elementor-element-596ad72 elementor-widget elementor-widget-image\" data-id=\"596ad72\" data-element_type=\"widget\" data-e-type=\"widget\" data-widget_type=\"image.default\">\n\t\t\t\t<div class=\"elementor-widget-container\">\n\t\t\t\t\t\t\t\t\t\t\t\t\t\t\t\t<a href=\"https:\/\/recipe.de\/wp-content\/uploads\/2025.png\">\n\t\t\t\t\t\t\t<img decoding=\"async\" width=\"347\" height=\"256\" src=\"https:\/\/recipe.de\/wp-content\/uploads\/2025.png\" class=\"attachment-medium_large size-medium_large wp-image-36856\" alt=\"\" srcset=\"https:\/\/recipe.de\/wp-content\/uploads\/2025.png 347w, https:\/\/recipe.de\/wp-content\/uploads\/2025-300x221.png 300w\" sizes=\"(max-width: 347px) 100vw, 347px\" \/>\t\t\t\t\t\t\t\t<\/a>\n\t\t\t\t\t\t\t\t\t\t\t\t\t\t\t<\/div>\n\t\t\t\t<\/div>\n\t\t\t\t\t<\/div>\n\t\t<\/div>\n\t\t\t\t<div class=\"elementor-column elementor-col-33 elementor-inner-column elementor-element elementor-element-62a86fd2\" data-id=\"62a86fd2\" data-element_type=\"column\" data-e-type=\"column\">\n\t\t\t<div class=\"elementor-widget-wrap\">\n\t\t\t\t\t\t\t<\/div>\n\t\t<\/div>\n\t\t\t\t<div class=\"elementor-column elementor-col-33 elementor-inner-column elementor-element elementor-element-21ef6ba6\" data-id=\"21ef6ba6\" data-element_type=\"column\" data-e-type=\"column\">\n\t\t\t<div class=\"elementor-widget-wrap elementor-element-populated\">\n\t\t\t\t\t\t<div class=\"elementor-element elementor-element-5949a2f5 elementor-widget elementor-widget-toggle\" data-id=\"5949a2f5\" data-element_type=\"widget\" data-e-type=\"widget\" data-widget_type=\"toggle.default\">\n\t\t\t\t<div class=\"elementor-widget-container\">\n\t\t\t\t\t\t\t<div class=\"elementor-toggle\">\n\t\t\t\t\t\t\t<div class=\"elementor-toggle-item\">\n\t\t\t\t\t<div id=\"elementor-tab-title-1491\" class=\"elementor-tab-title\" data-tab=\"1\" role=\"button\" aria-controls=\"elementor-tab-content-1491\" aria-expanded=\"false\">\n\t\t\t\t\t\t\t\t\t\t\t\t<span class=\"elementor-toggle-icon elementor-toggle-icon-left\" aria-hidden=\"true\">\n\t\t\t\t\t\t\t\t\t\t\t\t\t\t\t<span class=\"elementor-toggle-icon-closed\"><i class=\"fas fa-caret-right\"><\/i><\/span>\n\t\t\t\t\t\t\t\t<span class=\"elementor-toggle-icon-opened\"><i class=\"elementor-toggle-icon-opened fas fa-caret-up\"><\/i><\/span>\n\t\t\t\t\t\t\t\t\t\t\t\t\t<\/span>\n\t\t\t\t\t\t\t\t\t\t\t\t<a class=\"elementor-toggle-title\" tabindex=\"0\">Laborant \/ Techn. Assistent (m\/w\/d) im Bereich Qualit\u00e4tskontrolle in Vollzeit<\/a>\n\t\t\t\t\t<\/div>\n\n\t\t\t\t\t<div id=\"elementor-tab-content-1491\" class=\"elementor-tab-content elementor-clearfix\" data-tab=\"1\" role=\"region\" aria-labelledby=\"elementor-tab-title-1491\"><h2><strong>Laborant \/ Techn. Assistent (m\/w\/d) im Bereich Qualit\u00e4tskontrolle in Vollzeit<\/strong><\/h2><h3><strong>Ihre Aufgaben:<\/strong><\/h3><ul><li>Verantwortungsvolle Produktpr\u00fcfungen im Rahmen der Produktfreigabe<\/li><li>\u00dcberwachungs- und Wartungst\u00e4tigkeiten von Laborger\u00e4ten<\/li><li>Ermittlung von Fehlerquellen und Mitwirkung bei der Erarbeitung von Korrekturma\u00dfnahme<\/li><li>Kontinuierliche Entwicklung und Verbesserung unserer Qualit\u00e4tsprozesse<\/li><\/ul><h3><strong>Ihr Profil:<\/strong><\/h3><ul><li>Abgeschlossene Berufsausbildung als Chemielaborant\/in, CTA, BTA, PTA, MTA oder Bachelor (Chemie, Biologie, Pharmazie)<\/li><li>Berufserfahrung in einem analytischen Labor, idealerweise im Bereich der klinischen Diagnostik<\/li><li>Fundierte Kenntnisse in der instrumentellen Analytik, insbesondere HPLC und LC-MS\/MS<\/li><li>Sicherer Umgang mit g\u00e4ngigen EDV-Programmen<\/li><li>Sorgf\u00e4ltige Arbeitsweise und gewissenhafte Dokumentation<\/li><li>Sprachkenntnisse: Deutsch (B2), Englisch (B2)<\/li><\/ul><p><a href=\"https:\/\/recipe.de\/wp-content\/uploads\/Laborant-Tech-Assistent_QK_11-2025_deutsch.pdf\" target=\"_blank\" rel=\"noopener\"><strong>Weitere Informationen [PDF]<\/strong><\/a><\/p><\/div>\n\t\t\t\t<\/div>\n\t\t\t\t\t\t\t<div class=\"elementor-toggle-item\">\n\t\t\t\t\t<div id=\"elementor-tab-title-1492\" class=\"elementor-tab-title\" data-tab=\"2\" role=\"button\" aria-controls=\"elementor-tab-content-1492\" aria-expanded=\"false\">\n\t\t\t\t\t\t\t\t\t\t\t\t<span class=\"elementor-toggle-icon elementor-toggle-icon-left\" aria-hidden=\"true\">\n\t\t\t\t\t\t\t\t\t\t\t\t\t\t\t<span class=\"elementor-toggle-icon-closed\"><i class=\"fas fa-caret-right\"><\/i><\/span>\n\t\t\t\t\t\t\t\t<span class=\"elementor-toggle-icon-opened\"><i class=\"elementor-toggle-icon-opened fas fa-caret-up\"><\/i><\/span>\n\t\t\t\t\t\t\t\t\t\t\t\t\t<\/span>\n\t\t\t\t\t\t\t\t\t\t\t\t<a class=\"elementor-toggle-title\" tabindex=\"0\">Projektleiter (m\/w\/d) Entwicklung HPLC\/LCMS\/ICP-MS, Vollzeit<\/a>\n\t\t\t\t\t<\/div>\n\n\t\t\t\t\t<div id=\"elementor-tab-content-1492\" class=\"elementor-tab-content elementor-clearfix\" data-tab=\"2\" role=\"region\" aria-labelledby=\"elementor-tab-title-1492\"><h2><strong>Projektleiter (m\/w\/d) Entwicklung<\/strong><br \/><strong>HPLC\/LCMS\/ICP-MS, Vollzeit<\/strong><\/h2><h3><strong>Ihre Aufgaben\/ Your Tasks:<\/strong><\/h3><p><span style=\"color: #3366ff;\">&#8211; Entwicklung von HPLC-, LC-MS\/MS- und ICP-MS Anwendungen<\/span><br \/><span style=\"color: #3366ff;\">&#8211; Verifizierung \/ Validierung von Methoden nach IVDR<\/span><br \/><span style=\"color: #3366ff;\">&#8211; Wartung und Instandhaltung von HPLC-, LC-MS\/MS- und ICP-MS Systemen<\/span><br \/><span style=\"color: #3366ff;\">&#8211; Applikationssupport<\/span><br \/>&#8211; Development of HPLC-, LC-MS\/MS- and ICP-MS applications<br \/>&#8211; Verification \/ validation of methods according to IVDR<br \/>&#8211; Service and maintenance of HPLC-, LC-MS\/MS- and ICP-MS systems<br \/>&#8211; Application support<\/p><h3><strong>Ihr Profil\/ Your Profile:<\/strong><\/h3><p><span style=\"color: #3366ff;\">&#8211; Abgeschlossene Berufsausbildung als Master (Chemie, Biologie oder Pharmazie)<\/span><br \/><span style=\"color: #3366ff;\">&#8211; Berufserfahrung in einem analytischen Labor, idealerweise im Bereich der klinischen Diagnostik<\/span><br \/><span style=\"color: #3366ff;\">&#8211; Fundierte Kenntnisse im Bereich instrumenteller Analytik (HPLC\/LC MS\/MS, oder ICP-MS)<\/span><br \/><span style=\"color: #3366ff;\">&#8211; Sicherer Umgang mit g\u00e4ngigen EDV-Programmen, inkl. Laborsoftware<\/span><br \/><span style=\"color: #3366ff;\">&#8211; Sprachkenntnisse Deutsch (B2), Englisch (B2)<\/span><br \/>&#8211; Completed scientific education, master level (chemistry, biology or pharmacy)<br \/>&#8211; Professional experience in an analytical laboratory, preferably for clinical diagnostics<br \/>&#8211; Advanced skills in laboratory analytics, i.e., HPLC\/LC-MS\/MS or ICP-MS<br \/>&#8211; Advanced skills in IT- and laboratory software<br \/>&#8211; Language skills German (B2), English (B2)<\/p><p><a href=\"https:\/\/recipe.de\/wp-content\/uploads\/Project-Lead_R-D_09-2022-2-2.pdf\" target=\"_blank\" rel=\"noopener\"><strong>Weitere Informationen [PDF]<\/strong><\/a><\/p><\/div>\n\t\t\t\t<\/div>\n\t\t\t\t\t\t\t<div class=\"elementor-toggle-item\">\n\t\t\t\t\t<div id=\"elementor-tab-title-1493\" class=\"elementor-tab-title\" data-tab=\"3\" role=\"button\" aria-controls=\"elementor-tab-content-1493\" aria-expanded=\"false\">\n\t\t\t\t\t\t\t\t\t\t\t\t<span class=\"elementor-toggle-icon elementor-toggle-icon-left\" aria-hidden=\"true\">\n\t\t\t\t\t\t\t\t\t\t\t\t\t\t\t<span class=\"elementor-toggle-icon-closed\"><i class=\"fas fa-caret-right\"><\/i><\/span>\n\t\t\t\t\t\t\t\t<span class=\"elementor-toggle-icon-opened\"><i class=\"elementor-toggle-icon-opened fas fa-caret-up\"><\/i><\/span>\n\t\t\t\t\t\t\t\t\t\t\t\t\t<\/span>\n\t\t\t\t\t\t\t\t\t\t\t\t<a class=\"elementor-toggle-title\" tabindex=\"0\">Quality Manager (m\/w\/d) in Teilzeit<\/a>\n\t\t\t\t\t<\/div>\n\n\t\t\t\t\t<div id=\"elementor-tab-content-1493\" class=\"elementor-tab-content elementor-clearfix\" data-tab=\"3\" role=\"region\" aria-labelledby=\"elementor-tab-title-1493\"><h2><strong>Quality<\/strong> <strong>Manager <\/strong><strong>(m\/w\/d) <\/strong><strong>in Teilzeit<\/strong><\/h2><h3><strong>Ihre Aufgaben \/ Your Tasks:<\/strong><\/h3><ul><li><span style=\"color: #3366ff;\">Aufrechterhaltung des QM-Systems<\/span><\/li><li><span style=\"color: #3366ff;\">Erstellung und Pflege von technischen und regulatorischen Dokumenten, Konformit\u00e4tsbewertung<\/span><\/li><li><span style=\"color: #3366ff;\">Planung und Durchf\u00fchrung von Mitarbeiterschulungen<\/span><\/li><li><span style=\"color: #3366ff;\">Durchf\u00fchrung von internen und externen Audits<\/span><\/li><li><span style=\"color: #3366ff;\">Unterst\u00fctzung bei CAPA- und Change Control Prozessen<\/span><\/li><li>Maintenance of the QM system<\/li><li>Preparation and maintenance of technical and regulatory documents, conformity assessment<\/li><li>Planning and conducting employee training sessions<\/li><li>Conducting internal and external audits<\/li><li>Support in CAPA as well as change control management<\/li><\/ul><h3><strong>Ihr Profil \/ Your Profile:<\/strong><\/h3><ul><li><span style=\"color: #3366ff;\">Abgeschlossenes Studium im Bereich Chemie, Biochemie, Biologie, Medizintechnik, Ingenieurswesen (Bachelor oder Master) <strong>ODER<\/strong> wissenschaftliche, medizinische, technische oder juristische Ausbildung (Fachgehilfe Rechtswesen)<\/span><\/li><li><span style=\"color: #3366ff;\">Erfahrung mit QM- DIN EN ISO 13485<\/span><\/li><li><span style=\"color: #3366ff;\">Erfahrung im Risikomanagement (EN ISO 14971)<\/span><\/li><li><span style=\"color: #3366ff;\">Kenntnisse der IVD-Verordnung 2017\/746 MPG\/MPDG<\/span><\/li><li><span style=\"color: #3366ff;\">Erfahrung in der Durchf\u00fchrung interner Audits<\/span><\/li><li><span style=\"color: #3366ff;\">Flie\u00dfende Englisch- und Deutschkenntnisse (C2\/C2+)<\/span><\/li><li>Degree in chemistry, biochemistry, biology, medical technology, engineering (bachelor&#8217;s or master&#8217;s degree) <strong>OR<\/strong> scientific, medical, technical or legal training (legal assistant)<\/li><li>Experience with QM system DIN EN ISO 13485<\/li><li>Experience in risk management (EN ISO 14971)<\/li><li>Knowledge of IVD Regulation 2017\/746 MPG\/MPDG<\/li><li>Experience in conducting internal audits<\/li><li>Proficient in English and German (C2\/C2+)<\/li><\/ul><p><a href=\"https:\/\/recipe.de\/wp-content\/uploads\/Quality-Manager-Teilzeit.pdf\" target=\"_blank\" rel=\"noopener\"><strong>Weitere Informationen [PDF]<\/strong><\/a><\/p><\/div>\n\t\t\t\t<\/div>\n\t\t\t\t\t\t\t\t<\/div>\n\t\t\t\t\t\t<\/div>\n\t\t\t\t<\/div>\n\t\t\t\t<div class=\"elementor-element elementor-element-1af8912 elementor-hidden-desktop elementor-hidden-tablet elementor-hidden-phone elementor-widget elementor-widget-button\" data-id=\"1af8912\" data-element_type=\"widget\" data-e-type=\"widget\" data-widget_type=\"button.default\">\n\t\t\t\t<div class=\"elementor-widget-container\">\n\t\t\t\t\t\t\t\t\t<div class=\"elementor-button-wrapper\">\n\t\t\t\t\t<a class=\"elementor-button elementor-button-link elementor-size-sm\" href=\"https:\/\/recipe.de\/wp-content\/uploads\/Chemikant-fuer-Produktion_30-10-2020_e.pdf\">\n\t\t\t\t\t\t<span class=\"elementor-button-content-wrapper\">\n\t\t\t\t\t\t<span class=\"elementor-button-icon\">\n\t\t\t\t<i aria-hidden=\"true\" class=\"fas fa-file-download\"><\/i>\t\t\t<\/span>\n\t\t\t\t\t\t\t\t\t<span class=\"elementor-button-text\">Weitere Informationen hier [PDF]<\/span>\n\t\t\t\t\t<\/span>\n\t\t\t\t\t<\/a>\n\t\t\t\t<\/div>\n\t\t\t\t\t\t\t\t<\/div>\n\t\t\t\t<\/div>\n\t\t\t\t<div class=\"elementor-element elementor-element-5df81170 elementor-widget elementor-widget-text-editor\" data-id=\"5df81170\" data-element_type=\"widget\" data-e-type=\"widget\" data-widget_type=\"text-editor.default\">\n\t\t\t\t<div class=\"elementor-widget-container\">\n\t\t\t\t\t\t\t\t\t<p><\/p>\n<p>Wenn wir Ihr Interesse geweckt haben, kontaktieren Sie uns bitte per \/ If you are interested please contact us under:<\/p><p>e-Mail: Juana Mauff<br><span style=\"color: var( --e-global-color-text );\">&nbsp; &nbsp; &nbsp; &nbsp; &nbsp; &nbsp; &nbsp;<a href=\"mailto:personal@recipe.de\" style=\"font-weight: bold;\">personal@recipe.de<\/a><\/span><\/p>\t\t\t\t\t\t\t\t<\/div>\n\t\t\t\t<\/div>\n\t\t\t\t<div class=\"elementor-element elementor-element-80c34df elementor-widget elementor-widget-image\" data-id=\"80c34df\" data-element_type=\"widget\" data-e-type=\"widget\" data-widget_type=\"image.default\">\n\t\t\t\t<div class=\"elementor-widget-container\">\n\t\t\t\t\t\t\t\t\t\t\t\t\t\t\t\t<a href=\"https:\/\/recipe.de\/wp-content\/uploads\/Kampagne-fur-Ausbildung.pdf\">\n\t\t\t\t\t\t\t<img decoding=\"async\" width=\"768\" height=\"1086\" src=\"https:\/\/recipe.de\/wp-content\/uploads\/20250328142829894-1-768x1086.jpg\" class=\"attachment-medium_large size-medium_large wp-image-37001\" alt=\"\" srcset=\"https:\/\/recipe.de\/wp-content\/uploads\/20250328142829894-1-768x1086.jpg 768w, https:\/\/recipe.de\/wp-content\/uploads\/20250328142829894-1-212x300.jpg 212w, https:\/\/recipe.de\/wp-content\/uploads\/20250328142829894-1-724x1024.jpg 724w, https:\/\/recipe.de\/wp-content\/uploads\/20250328142829894-1-1086x1536.jpg 1086w, https:\/\/recipe.de\/wp-content\/uploads\/20250328142829894-1-1448x2048.jpg 1448w, https:\/\/recipe.de\/wp-content\/uploads\/20250328142829894-1-scaled.jpg 1810w\" sizes=\"(max-width: 768px) 100vw, 768px\" \/>\t\t\t\t\t\t\t\t<\/a>\n\t\t\t\t\t\t\t\t\t\t\t\t\t\t\t<\/div>\n\t\t\t\t<\/div>\n\t\t\t\t\t<\/div>\n\t\t<\/div>\n\t\t\t\t\t<\/div>\n\t\t<\/section>\n\t\t\t\t\t<\/div>\n\t\t<\/div>\n\t\t\t\t\t<\/div>\n\t\t<\/section>\n\t\t\t\t<\/div>\n\t\t","protected":false},"excerpt":{"rendered":"<p>Unternehmen Karriere Aktuell sind folgende offene Stellen zu besetzen RECIPE ist einer der f\u00fchrenden Anbieter von labormedizinischen Testverfahren f\u00fcr Krankenh\u00e4user und Labor\u00e4rzte. Unsere Produkte sind in \u00fcber 80 L\u00e4ndern weltweit etabliert und kommen z.B. in der Diagnostik von Erkrankungen und in der Arzneispiegelkontrolle zum Einsatz. RECIPE is a leading manufacturer of in-vitro diagnostics for hospitals [&hellip;]<\/p>\n","protected":false},"author":1,"featured_media":0,"parent":0,"menu_order":0,"comment_status":"closed","ping_status":"closed","template":"","meta":{"footnotes":""},"class_list":["post-438","page","type-page","status-publish","hentry"],"aioseo_notices":[],"_links":{"self":[{"href":"https:\/\/recipe.de\/de\/wp-json\/wp\/v2\/pages\/438","targetHints":{"allow":["GET"]}}],"collection":[{"href":"https:\/\/recipe.de\/de\/wp-json\/wp\/v2\/pages"}],"about":[{"href":"https:\/\/recipe.de\/de\/wp-json\/wp\/v2\/types\/page"}],"author":[{"embeddable":true,"href":"https:\/\/recipe.de\/de\/wp-json\/wp\/v2\/users\/1"}],"replies":[{"embeddable":true,"href":"https:\/\/recipe.de\/de\/wp-json\/wp\/v2\/comments?post=438"}],"version-history":[{"count":795,"href":"https:\/\/recipe.de\/de\/wp-json\/wp\/v2\/pages\/438\/revisions"}],"predecessor-version":[{"id":37819,"href":"https:\/\/recipe.de\/de\/wp-json\/wp\/v2\/pages\/438\/revisions\/37819"}],"wp:attachment":[{"href":"https:\/\/recipe.de\/de\/wp-json\/wp\/v2\/media?parent=438"}],"curies":[{"name":"wp","href":"https:\/\/api.w.org\/{rel}","templated":true}]}}